{"id":173,"date":"2020-08-21T17:45:15","date_gmt":"2020-08-21T15:45:15","guid":{"rendered":"https:\/\/coljon.webdev.lu\/?page_id=173"},"modified":"2021-04-29T15:37:45","modified_gmt":"2021-04-29T13:37:45","slug":"devis","status":"publish","type":"page","link":"https:\/\/coljon.com\/fr\/devis\/","title":{"rendered":"Demande de Devis"},"content":{"rendered":"<p><\/p>\n<h1>Demandez<br \/>\n<span style=\"color: #cc4931;\">votre devis gratuit.<\/span><\/h1>\n<p>Conception, r\u00e9alisation, pose, service apr\u00e8s-vente : nous g\u00e9rons de A \u00e0 Z votre projet de construction ou de r\u00e9novation. Depuis 4 g\u00e9n\u00e9rations, nous vous offrons ce qui se fait mieux. Pour plus d&rsquo;informations, rendez-vous dans notre showroom \u00e0 Arlon (Belgique) ou demandez votre devis gratuit.<\/p>\n<hr \/>\n<p><a class=\"buttonLink\" href=\"#devis\">Formulaire de devis<\/a><\/p>","protected":false},"excerpt":{"rendered":"<p>Demandez votre devis gratuit. Conception, r\u00e9alisation, pose, service apr\u00e8s-vente : nous g\u00e9rons de A \u00e0 Z votre projet de construction ou de r\u00e9novation. Depuis 4 g\u00e9n\u00e9rations, nous vous offrons ce qui se fait mieux. Pour plus d&rsquo;informations, rendez-vous dans notre showroom \u00e0 Arlon (Belgique) ou demandez votre devis gratuit. Formulaire de devis<\/p>\n","protected":false},"author":1,"featured_media":215,"parent":0,"menu_order":0,"comment_status":"closed","ping_status":"closed","template":"template-devis.php","meta":[],"yoast_head":"<!-- This site is optimized with the Yoast SEO plugin v15.0 - https:\/\/yoast.com\/wordpress\/plugins\/seo\/ -->\n<title>Demande de Devis - Coljon<\/title>\n<meta name=\"robots\" content=\"index, follow, max-snippet:-1, max-image-preview:large, max-video-preview:-1\" \/>\n<link rel=\"canonical\" href=\"https:\/\/www.coljon.com\/devis\/\" \/>\n<meta property=\"og:locale\" content=\"fr_FR\" \/>\n<meta property=\"og:type\" content=\"article\" \/>\n<meta property=\"og:title\" content=\"[:fr]Demande de Devis[:] - Coljon\" \/>\n<meta property=\"og:description\" content=\"Demandez votre devis gratuit. Conception, r\u00e9alisation, pose, service apr\u00e8s-vente : nous g\u00e9rons de A \u00e0 Z votre projet de construction ou de r\u00e9novation. Depuis 4 g\u00e9n\u00e9rations, nous vous offrons ce qui se fait mieux. Pour plus d&rsquo;informations, rendez-vous dans notre showroom \u00e0 Arlon (Belgique) ou demandez votre devis gratuit. Formulaire de devis\" \/>\n<meta property=\"og:url\" content=\"https:\/\/www.coljon.com\/devis\/\" \/>\n<meta property=\"og:site_name\" content=\"Coljon\" \/>\n<meta property=\"article:modified_time\" content=\"2021-04-29T13:37:45+00:00\" \/>\n<meta property=\"og:image\" content=\"https:\/\/coljon.com\/wp-content\/uploads\/2020\/08\/IMG_500x3482.png\" \/>\n\t<meta property=\"og:image:width\" content=\"1000\" \/>\n\t<meta property=\"og:image:height\" content=\"698\" \/>\n<meta name=\"twitter:card\" content=\"summary_large_image\" \/>\n<script type=\"application\/ld+json\" class=\"yoast-schema-graph\">{\"@context\":\"https:\/\/schema.org\",\"@graph\":[{\"@type\":\"WebSite\",\"@id\":\"https:\/\/coljon.com\/fr\/#website\",\"url\":\"https:\/\/coljon.com\/fr\/\",\"name\":\"Coljon\",\"description\":\"\",\"potentialAction\":[{\"@type\":\"SearchAction\",\"target\":\"https:\/\/coljon.com\/fr\/?s={search_term_string}\",\"query-input\":\"required name=search_term_string\"}],\"inLanguage\":\"fr-FR\"},{\"@type\":\"ImageObject\",\"@id\":\"https:\/\/www.coljon.com\/devis\/#primaryimage\",\"inLanguage\":\"fr-FR\",\"url\":\"https:\/\/coljon.com\/wp-content\/uploads\/2020\/08\/IMG_500x3482.png\",\"width\":1000,\"height\":698},{\"@type\":\"WebPage\",\"@id\":\"https:\/\/www.coljon.com\/devis\/#webpage\",\"url\":\"https:\/\/www.coljon.com\/devis\/\",\"name\":\"[:fr]Demande de Devis[:] - Coljon\",\"isPartOf\":{\"@id\":\"https:\/\/coljon.com\/fr\/#website\"},\"primaryImageOfPage\":{\"@id\":\"https:\/\/www.coljon.com\/devis\/#primaryimage\"},\"datePublished\":\"2020-08-21T15:45:15+00:00\",\"dateModified\":\"2021-04-29T13:37:45+00:00\",\"inLanguage\":\"fr-FR\",\"potentialAction\":[{\"@type\":\"ReadAction\",\"target\":[\"https:\/\/www.coljon.com\/devis\/\"]}]}]}<\/script>\n<!-- \/ Yoast SEO plugin. -->","_links":{"self":[{"href":"https:\/\/coljon.com\/fr\/wp-json\/wp\/v2\/pages\/173"}],"collection":[{"href":"https:\/\/coljon.com\/fr\/wp-json\/wp\/v2\/pages"}],"about":[{"href":"https:\/\/coljon.com\/fr\/wp-json\/wp\/v2\/types\/page"}],"author":[{"embeddable":true,"href":"https:\/\/coljon.com\/fr\/wp-json\/wp\/v2\/users\/1"}],"replies":[{"embeddable":true,"href":"https:\/\/coljon.com\/fr\/wp-json\/wp\/v2\/comments?post=173"}],"version-history":[{"count":15,"href":"https:\/\/coljon.com\/fr\/wp-json\/wp\/v2\/pages\/173\/revisions"}],"predecessor-version":[{"id":1754,"href":"https:\/\/coljon.com\/fr\/wp-json\/wp\/v2\/pages\/173\/revisions\/1754"}],"wp:featuredmedia":[{"embeddable":true,"href":"https:\/\/coljon.com\/fr\/wp-json\/wp\/v2\/media\/215"}],"wp:attachment":[{"href":"https:\/\/coljon.com\/fr\/wp-json\/wp\/v2\/media?parent=173"}],"curies":[{"name":"wp","href":"https:\/\/api.w.org\/{rel}","templated":true}]}}