{"id":20,"date":"2020-08-20T15:37:54","date_gmt":"2020-08-20T13:37:54","guid":{"rendered":"https:\/\/coljon.webdev.lu\/?page_id=20"},"modified":"2021-04-09T16:49:34","modified_gmt":"2021-04-09T14:49:34","slug":"lentreprise","status":"publish","type":"page","link":"https:\/\/coljon.com\/en\/lentreprise\/","title":{"rendered":"(Fran\u00e7ais) L\u2019entreprise"},"content":{"rendered":"","protected":false},"excerpt":{"rendered":"","protected":false},"author":1,"featured_media":261,"parent":0,"menu_order":0,"comment_status":"closed","ping_status":"closed","template":"","meta":[],"yoast_head":"<!-- This site is optimized with the Yoast SEO plugin v15.0 - https:\/\/yoast.com\/wordpress\/plugins\/seo\/ -->\n<title><\/title>\n<meta name=\"description\" content=\"COLJON, c&#039;est une entreprise belgo-luxembourgeoise avec un show-room de 500m2 situ\u00e9 route de Luxembourg \u00e0 Arlon et un atelier de production de 2.000m2 bas\u00e9 rue de Hobscheid \u00e0 Steinfort. Au service de sa client\u00e8le depuis 4 g\u00e9n\u00e9rations, un savoir-faire de p\u00e8re en fils et le souhait omnipr\u00e9sent de toujours vous offrir ce qui se fait de mieux.\" \/>\n<meta name=\"robots\" content=\"index, follow, max-snippet:-1, max-image-preview:large, max-video-preview:-1\" \/>\n<link rel=\"canonical\" href=\"https:\/\/www.coljon.com\/lentreprise\/\" \/>\n<meta property=\"og:locale\" content=\"en_US\" \/>\n<meta property=\"og:type\" content=\"article\" \/>\n<meta property=\"og:title\" content=\"[:fr]L\u2019entreprise[:] - Coljon\" \/>\n<meta property=\"og:description\" content=\"COLJON, c&#039;est une entreprise belgo-luxembourgeoise avec un show-room de 500m2 situ\u00e9 route de Luxembourg \u00e0 Arlon et un atelier de production de 2.000m2 bas\u00e9 rue de Hobscheid \u00e0 Steinfort. Au service de sa client\u00e8le depuis 4 g\u00e9n\u00e9rations, un savoir-faire de p\u00e8re en fils et le souhait omnipr\u00e9sent de toujours vous offrir ce qui se fait de mieux.\" \/>\n<meta property=\"og:url\" content=\"https:\/\/www.coljon.com\/lentreprise\/\" \/>\n<meta property=\"og:site_name\" content=\"Coljon\" \/>\n<meta property=\"article:modified_time\" content=\"2021-04-09T14:49:34+00:00\" \/>\n<meta property=\"og:image\" content=\"https:\/\/coljon.com\/wp-content\/uploads\/2020\/09\/Socie\u0301te\u0301-Coljon-photo-ateliers-exte\u0301rieurs-Steinfort-1024x220.png\" \/>\n\t<meta property=\"og:image:width\" content=\"1024\" \/>\n\t<meta property=\"og:image:height\" content=\"220\" \/>\n<meta name=\"twitter:card\" content=\"summary_large_image\" \/>\n<script type=\"application\/ld+json\" class=\"yoast-schema-graph\">{\"@context\":\"https:\/\/schema.org\",\"@graph\":[{\"@type\":\"WebSite\",\"@id\":\"https:\/\/coljon.com\/en\/#website\",\"url\":\"https:\/\/coljon.com\/en\/\",\"name\":\"Coljon\",\"description\":\"\",\"potentialAction\":[{\"@type\":\"SearchAction\",\"target\":\"https:\/\/coljon.com\/en\/?s={search_term_string}\",\"query-input\":\"required name=search_term_string\"}],\"inLanguage\":\"en-US\"},{\"@type\":\"ImageObject\",\"@id\":\"https:\/\/www.coljon.com\/lentreprise\/#primaryimage\",\"inLanguage\":\"en-US\",\"url\":\"https:\/\/coljon.com\/wp-content\/uploads\/2020\/09\/Socie\\u0301te\\u0301-Coljon-photo-ateliers-exte\\u0301rieurs-Steinfort.png\",\"width\":2880,\"height\":620},{\"@type\":\"WebPage\",\"@id\":\"https:\/\/www.coljon.com\/lentreprise\/#webpage\",\"url\":\"https:\/\/www.coljon.com\/lentreprise\/\",\"name\":\"[:fr]L\\u2019entreprise[:] - Coljon\",\"isPartOf\":{\"@id\":\"https:\/\/coljon.com\/en\/#website\"},\"primaryImageOfPage\":{\"@id\":\"https:\/\/www.coljon.com\/lentreprise\/#primaryimage\"},\"datePublished\":\"2020-08-20T13:37:54+00:00\",\"dateModified\":\"2021-04-09T14:49:34+00:00\",\"description\":\"COLJON, c'est une entreprise belgo-luxembourgeoise avec un show-room de 500m2 situ\\u00e9 route de Luxembourg \\u00e0 Arlon et un atelier de production de 2.000m2 bas\\u00e9 rue de Hobscheid \\u00e0 Steinfort. Au service de sa client\\u00e8le depuis 4 g\\u00e9n\\u00e9rations, un savoir-faire de p\\u00e8re en fils et le souhait omnipr\\u00e9sent de toujours vous offrir ce qui se fait de mieux.\",\"inLanguage\":\"en-US\",\"potentialAction\":[{\"@type\":\"ReadAction\",\"target\":[\"https:\/\/www.coljon.com\/lentreprise\/\"]}]}]}<\/script>\n<!-- \/ Yoast SEO plugin. -->","_links":{"self":[{"href":"https:\/\/coljon.com\/en\/wp-json\/wp\/v2\/pages\/20"}],"collection":[{"href":"https:\/\/coljon.com\/en\/wp-json\/wp\/v2\/pages"}],"about":[{"href":"https:\/\/coljon.com\/en\/wp-json\/wp\/v2\/types\/page"}],"author":[{"embeddable":true,"href":"https:\/\/coljon.com\/en\/wp-json\/wp\/v2\/users\/1"}],"replies":[{"embeddable":true,"href":"https:\/\/coljon.com\/en\/wp-json\/wp\/v2\/comments?post=20"}],"version-history":[{"count":15,"href":"https:\/\/coljon.com\/en\/wp-json\/wp\/v2\/pages\/20\/revisions"}],"predecessor-version":[{"id":1709,"href":"https:\/\/coljon.com\/en\/wp-json\/wp\/v2\/pages\/20\/revisions\/1709"}],"wp:featuredmedia":[{"embeddable":true,"href":"https:\/\/coljon.com\/en\/wp-json\/wp\/v2\/media\/261"}],"wp:attachment":[{"href":"https:\/\/coljon.com\/en\/wp-json\/wp\/v2\/media?parent=20"}],"curies":[{"name":"wp","href":"https:\/\/api.w.org\/{rel}","templated":true}]}}