{"id":18,"date":"2020-08-20T15:37:43","date_gmt":"2020-08-20T13:37:43","guid":{"rendered":"https:\/\/coljon.webdev.lu\/?page_id=18"},"modified":"2024-09-18T18:21:30","modified_gmt":"2024-09-18T16:21:30","slug":"nous-recrutons","status":"publish","type":"page","link":"https:\/\/coljon.com\/en\/nous-recrutons\/","title":{"rendered":"(Fran\u00e7ais) Nous recrutons !"},"content":{"rendered":"","protected":false},"excerpt":{"rendered":"","protected":false},"author":1,"featured_media":0,"parent":0,"menu_order":0,"comment_status":"closed","ping_status":"closed","template":"","meta":[],"yoast_head":"<!-- This site is optimized with the Yoast SEO plugin v15.0 - https:\/\/yoast.com\/wordpress\/plugins\/seo\/ -->\n<title><\/title>\n<meta name=\"description\" content=\"Nous recrutons un ouvrier poseur de ch\u00e2ssis exp\u00e9riment\u00e9\" \/>\n<meta name=\"robots\" content=\"index, follow, max-snippet:-1, max-image-preview:large, max-video-preview:-1\" \/>\n<link rel=\"canonical\" href=\"https:\/\/coljon.com\/nous-recrutons\/\" \/>\n<meta property=\"og:locale\" content=\"en_US\" \/>\n<meta property=\"og:type\" content=\"article\" \/>\n<meta property=\"og:title\" content=\"[:fr]Nous recrutons ![:] - Coljon\" \/>\n<meta property=\"og:description\" content=\"Nous recrutons un ouvrier poseur de ch\u00e2ssis exp\u00e9riment\u00e9\" \/>\n<meta property=\"og:url\" content=\"https:\/\/coljon.com\/nous-recrutons\/\" \/>\n<meta property=\"og:site_name\" content=\"Coljon\" \/>\n<meta property=\"article:modified_time\" content=\"2024-09-18T16:21:30+00:00\" \/>\n<meta name=\"twitter:card\" content=\"summary_large_image\" \/>\n<script type=\"application\/ld+json\" class=\"yoast-schema-graph\">{\"@context\":\"https:\/\/schema.org\",\"@graph\":[{\"@type\":\"WebSite\",\"@id\":\"https:\/\/coljon.com\/en\/#website\",\"url\":\"https:\/\/coljon.com\/en\/\",\"name\":\"Coljon\",\"description\":\"\",\"potentialAction\":[{\"@type\":\"SearchAction\",\"target\":\"https:\/\/coljon.com\/en\/?s={search_term_string}\",\"query-input\":\"required name=search_term_string\"}],\"inLanguage\":\"en-US\"},{\"@type\":\"WebPage\",\"@id\":\"https:\/\/coljon.com\/nous-recrutons\/#webpage\",\"url\":\"https:\/\/coljon.com\/nous-recrutons\/\",\"name\":\"[:fr]Nous recrutons ![:] - Coljon\",\"isPartOf\":{\"@id\":\"https:\/\/coljon.com\/en\/#website\"},\"datePublished\":\"2020-08-20T13:37:43+00:00\",\"dateModified\":\"2024-09-18T16:21:30+00:00\",\"description\":\"Nous recrutons un ouvrier poseur de ch\\u00e2ssis exp\\u00e9riment\\u00e9\",\"inLanguage\":\"en-US\",\"potentialAction\":[{\"@type\":\"ReadAction\",\"target\":[\"https:\/\/coljon.com\/nous-recrutons\/\"]}]}]}<\/script>\n<!-- \/ Yoast SEO plugin. -->","_links":{"self":[{"href":"https:\/\/coljon.com\/en\/wp-json\/wp\/v2\/pages\/18"}],"collection":[{"href":"https:\/\/coljon.com\/en\/wp-json\/wp\/v2\/pages"}],"about":[{"href":"https:\/\/coljon.com\/en\/wp-json\/wp\/v2\/types\/page"}],"author":[{"embeddable":true,"href":"https:\/\/coljon.com\/en\/wp-json\/wp\/v2\/users\/1"}],"replies":[{"embeddable":true,"href":"https:\/\/coljon.com\/en\/wp-json\/wp\/v2\/comments?post=18"}],"version-history":[{"count":48,"href":"https:\/\/coljon.com\/en\/wp-json\/wp\/v2\/pages\/18\/revisions"}],"predecessor-version":[{"id":3128,"href":"https:\/\/coljon.com\/en\/wp-json\/wp\/v2\/pages\/18\/revisions\/3128"}],"wp:attachment":[{"href":"https:\/\/coljon.com\/en\/wp-json\/wp\/v2\/media?parent=18"}],"curies":[{"name":"wp","href":"https:\/\/api.w.org\/{rel}","templated":true}]}}